{"id":2,"date":"2020-06-19T14:30:25","date_gmt":"2020-06-19T12:30:25","guid":{"rendered":"https:\/\/artebuena.com\/?page_id=2"},"modified":"2020-06-26T15:22:42","modified_gmt":"2020-06-26T13:22:42","slug":"przykladowa-strona","status":"publish","type":"page","link":"https:\/\/artebuena.com\/","title":{"rendered":"Przyk\u0142adowa strona"},"content":{"rendered":"<p>[et_pb_section fb_built=&#8221;1&#8243; fullwidth=&#8221;on&#8221; _builder_version=&#8221;4.4.8&#8243;][et_pb_fullwidth_slider show_image_video_mobile=&#8221;on&#8221; use_bg_overlay=&#8221;off&#8221; _builder_version=&#8221;4.4.8&#8243; header_level=&#8221;h1&#8243; header_font=&#8221;Lato|100|||||||&#8221; header_font_size=&#8221;58px&#8221; body_font=&#8221;Lato|300||on|||||&#8221; body_text_align=&#8221;left&#8221; body_font_size=&#8221;18px&#8221; background_color=&#8221;#000000&#8243; custom_button=&#8221;on&#8221; button_text_size=&#8221;19px&#8221; button_border_width=&#8221;1px&#8221; button_border_color=&#8221;#FFFFFF&#8221; button_border_radius=&#8221;27px&#8221; button_font=&#8221;Lato||||||||&#8221; button_icon=&#8221;%%40%%&#8221; button_alignment=&#8221;left&#8221; width=&#8221;100%&#8221; module_alignment=&#8221;center&#8221; content_width=&#8221;100%&#8221; content_max_width=&#8221;100%&#8221; min_height=&#8221;100%&#8221; height=&#8221;100%&#8221; custom_margin=&#8221;||0px|||&#8221; custom_padding=&#8221;140px||140px||true|false&#8221; custom_css_main_element=&#8221;padding-right: 0px;||padding-left: 0px;&#8221;][et_pb_slide heading=&#8221;KSI\u0104\u017bKA OTWARTA III&#8221; button_text=&#8221;Wi\u0119cej&#8221; video_url=&#8221;https:\/\/youtu.be\/p5JTvu5v8BM&#8221; _builder_version=&#8221;4.4.8&#8243; custom_css_main_element=&#8221;padding-right: 0px;||padding-left: 0px;&#8221;]<\/p>\n<p>[OPEN BOOK III]<br \/>PROJEKT MIA\u0141 MIEJSCE W 2010 ROKU W GALERII G23 WE WROC\u0141AWIU PODCZAS mOJEJ EKSPOZYCJI:<br \/>&#8222;sEMIOGRAFIA, GLOFOGRAFIA\u00a0 I PAR\u0118 SLOWIA\u0143SKICH KONOTACJI&#8221;, <br \/>KURATOR WYSTAWY: aGNIESZKA cHODYSZ,<\/p>\n<p>[\/et_pb_slide][et_pb_slide heading=&#8221;SEMIOGRAFIA&#8221; button_text=&#8221;Wi\u0119cej&#8221; video_url=&#8221;https:\/\/youtu.be\/IpEPmlODhGA&#8221; _builder_version=&#8221;4.4.8&#8243;]<\/p>\n<p><span>Mi\u0119dzynarodowy projekt: BRUMBA. JEDNO\u015a\u0106 S\u0141OWA Z PRZESTRZENI\u0104 ZAPISU. CYKL WYDAWNICTW LIBERACKICH | UNITY OF WORDS AND A WRITING SPACE. A SERIES OF LIBERATURE PUBLICATIONS. 2015, PROGRAM \u201ePROMOWANIE R\u00d3\u017bNORODNO\u015aCI KULTUROWEJ I ARTYSTYCZNEJ W RAMACH EUROPEJSKIEGO DZIEDZICTWA KULTUROWEGO\u201d W RAMACH MF EOG 2009\u20132014. PROJEKT FINANSOWANY ZE \u015aRODK\u00d3W FUNDUSZY NORWESKICH I EOG, POCHODZ\u0104CYCH Z ISLANDII, LIECHTENSTEINU I NORWEGII ORAZ \u015aRODK\u00d3W KRAJOWYCH.<\/span><\/p>\n<p>[\/et_pb_slide][et_pb_slide heading=&#8221;PAMI\u0118TNIK PANDEMICZNY&#8221; button_text=&#8221;Wi\u0119cej&#8221; video_url=&#8221;https:\/\/youtu.be\/kfjwFN3vgUM&#8221; _builder_version=&#8221;4.4.8&#8243; custom_css_main_element=&#8221;padding-right: 0px;||padding-left: 0px;&#8221;]<\/p>\n<p>Your content goes here. Edit or remove this<br \/> text inline or in the module Content settings. Y<br \/> ou can also style every aspect<\/p>\n<p>[\/et_pb_slide][\/et_pb_fullwidth_slider][\/et_pb_section][et_pb_section fb_built=&#8221;1&#8243; fullwidth=&#8221;on&#8221; _builder_version=&#8221;4.4.8&#8243; background_color=&#8221;#000000&#8243;][et_pb_fullwidth_portfolio fullwidth=&#8221;off&#8221; include_categories=&#8221;all&#8221; zoom_icon_color=&#8221;#ffffff&#8221; hover_overlay_color=&#8221;rgba(0,0,0,0.7)&#8221; hover_icon=&#8221;%%13%%&#8221; _builder_version=&#8221;4.4.8&#8243; portfolio_header_font_size=&#8221;20px&#8221; title_font=&#8221;Lato|||on|||||&#8221; title_text_color=&#8221;#FFFFFF&#8221; title_font_size=&#8221;14px&#8221; caption_text_color=&#8221;#FFFFFF&#8221; caption_font_size=&#8221;11px&#8221; caption_letter_spacing=&#8221;6px&#8221; border_color_all=&#8221;#000000&#8243; child_filter_hue_rotate__hover_enabled=&#8221;on|hover&#8221; child_filter_saturate__hover_enabled=&#8221;off|desktop&#8221; transform_styles__hover_enabled=&#8221;on|hover&#8221; transform_scale__hover_enabled=&#8221;on|hover&#8221; transform_translate__hover_enabled=&#8221;on|desktop&#8221; transform_rotate__hover_enabled=&#8221;on|desktop&#8221; transform_skew__hover_enabled=&#8221;on|desktop&#8221; transform_origin__hover_enabled=&#8221;on|desktop&#8221;][\/et_pb_fullwidth_portfolio][\/et_pb_section][et_pb_section fb_built=&#8221;1&#8243; _builder_version=&#8221;4.4.8&#8243; background_color=&#8221;#000000&#8243;][et_pb_row column_structure=&#8221;2_3,1_3&#8243; use_custom_gutter=&#8221;on&#8221; gutter_width=&#8221;1&#8243; _builder_version=&#8221;4.4.8&#8243; background_color=&#8221;#000000&#8243; width=&#8221;100%&#8221; max_width=&#8221;100%&#8221; min_height=&#8221;852px&#8221; custom_margin=&#8221;-59px|auto||auto||&#8221;][et_pb_column type=&#8221;2_3&#8243; _builder_version=&#8221;4.4.8&#8243;][et_pb_image src=&#8221;https:\/\/artebuena.com\/wp-content\/uploads\/2020\/06\/Bez-nazwy-4-1.jpg&#8221; alt=&#8221;fot. P&#8221; title_text=&#8221;fot. Patrycja Szumowska&#8221; _builder_version=&#8221;4.4.8&#8243; width=&#8221;100%&#8221; min_height=&#8221;898px&#8221; custom_margin=&#8221;|90px||||&#8221; custom_padding=&#8221;|0px||||&#8221;][\/et_pb_image][\/et_pb_column][et_pb_column type=&#8221;1_3&#8243; _builder_version=&#8221;4.4.8&#8243;][et_pb_text _builder_version=&#8221;4.4.8&#8243; text_font=&#8221;Lato|300||on|||||&#8221; text_text_color=&#8221;#FFFFFF&#8221; text_font_size=&#8221;21px&#8221; text_line_height=&#8221;1.8em&#8221; width=&#8221;115.2%&#8221; max_width=&#8221;100%&#8221; min_height=&#8221;1000px&#8221; height=&#8221;1000px&#8221; max_height=&#8221;1000px&#8221; custom_margin=&#8221;|||-175px||&#8221; custom_padding=&#8221;368px|30px|30px|180px|false|false&#8221; inline_fonts=&#8221;Lato,League Script&#8221;]<\/p>\n<p>MONIKA ALEKSANDROWICZ<\/p>\n<h2><span style=\"font-size: 21px;\">absolwentka Wydzia\u0142u Malarstwa <span style=\"font-size: small;\"><strong><span style=\"color: #ffffff; font-family: Lato;\">wroc\u0142awskiej Akademii Sztuk Pi\u0119knych (1999) oraz Filozofii na wydziale Nauk Spo\u0142ecznych Uniwersytetu Wroc\u0142awskiego (2001). <\/span><\/strong><\/span><br \/><span style=\"font-size: small;\"><strong><span style=\"color: #ffffff; font-family: Lato;\"> Dyplom w pracowni prof. Wandy Go\u0142kowskiej (aneks z ceramiki artystycznej w pracowni prof. Stanis\u0142awa Szyby). W dorobku artystycznym Moniki Aleksandrowicz znajduje si\u0119 kilkana\u015bcie wystaw zbiorowych, sympozja po\u015bwi\u0119cone sztuce konceptualnej oraz ekspozycje indywidualne, kt\u00f3re organizowane i prezentowane by\u0142y mi\u0119dzy innymi: w Belgii, Hiszpanii, Norwegii i Islandii oraz w Polsce \u2013 Warszawie, Krakowie, Wroc\u0142awiu, Kielcach, Zielonej G\u00f3rze, Lubinie. Przez kilka lat zwi\u0105zana z\u00a0wroc\u0142awsk\u0105 grup\u0105 KONTYNUACJA I SPRZECIW i z Grup\u0105 artystyczn\u0105 7+ <\/span><\/strong><\/span><\/span><\/h2>\n<p>[\/et_pb_text][\/et_pb_column][\/et_pb_row][\/et_pb_section][et_pb_section fb_built=&#8221;1&#8243; inner_shadow=&#8221;on&#8221; _builder_version=&#8221;4.4.8&#8243; background_color=&#8221;#000000&#8243; min_height=&#8221;90%&#8221; custom_margin=&#8221;||||false|false&#8221; custom_padding=&#8221;16px||16px||true|&#8221;][\/et_pb_section][et_pb_section fb_built=&#8221;1&#8243; fullwidth=&#8221;on&#8221; _builder_version=&#8221;4.4.8&#8243; background_color=&#8221;#000000&#8243; min_height=&#8221;72px&#8221; custom_padding=&#8221;||2px|||&#8221;][\/et_pb_section][et_pb_section fb_built=&#8221;1&#8243; fullwidth=&#8221;on&#8221; _builder_version=&#8221;4.4.8&#8243; background_color=&#8221;#000000&#8243; custom_margin=&#8221;20px|||||&#8221; custom_padding=&#8221;0px|||||&#8221;][\/et_pb_section]<\/p>\n","protected":false},"excerpt":{"rendered":"<p>[et_pb_section fb_built=&#8221;1&#8243; fullwidth=&#8221;on&#8221; _builder_version=&#8221;4.4.8&#8243;][et_pb_fullwidth_slider show_image_video_mobile=&#8221;on&#8221; use_bg_overlay=&#8221;off&#8221; _builder_version=&#8221;4.4.8&#8243; header_level=&#8221;h1&#8243; header_font=&#8221;Lato|100|||||||&#8221; header_font_size=&#8221;58px&#8221; body_font=&#8221;Lato|300||on|||||&#8221; body_text_align=&#8221;left&#8221; body_font_size=&#8221;18px&#8221; background_color=&#8221;#000000&#8243; custom_button=&#8221;on&#8221; button_text_size=&#8221;19px&#8221; button_border_width=&#8221;1px&#8221; button_border_color=&#8221;#FFFFFF&#8221; button_border_radius=&#8221;27px&#8221; button_font=&#8221;Lato||||||||&#8221; button_icon=&#8221;%%40%%&#8221; button_alignment=&#8221;left&#8221; width=&#8221;100%&#8221; module_alignment=&#8221;center&#8221; content_width=&#8221;100%&#8221; content_max_width=&#8221;100%&#8221; min_height=&#8221;100%&#8221; height=&#8221;100%&#8221; custom_margin=&#8221;||0px|||&#8221; custom_padding=&#8221;140px||140px||true|false&#8221; custom_css_main_element=&#8221;padding-right: 0px;||padding-left: 0px;&#8221;][et_pb_slide heading=&#8221;KSI\u0104\u017bKA OTWARTA III&#8221; button_text=&#8221;Wi\u0119cej&#8221; video_url=&#8221;https:\/\/youtu.be\/p5JTvu5v8BM&#8221; _builder_version=&#8221;4.4.8&#8243; custom_css_main_element=&#8221;padding-right: 0px;||padding-left: 0px;&#8221;] [OPEN BOOK III]PROJEKT MIA\u0141 MIEJSCE W 2010 ROKU W GALERII G23 WE WROC\u0141AWIU [&hellip;]<\/p>\n","protected":false},"author":1,"featured_media":0,"parent":0,"menu_order":0,"comment_status":"closed","ping_status":"open","template":"","meta":{"_et_pb_use_builder":"on","_et_pb_old_content":"<!-- wp:paragraph -->\n<p>To jest przyk\u0142adowa strona. Strony s\u0105 inne ni\u017c wpisy na blogu, poniewa\u017c nie tylko znajduj\u0105 si\u0119 zawsze w jednym miejscu, ale tak\u017ce pojawiaj\u0105 si\u0119 w menu witryny (w wi\u0119kszo\u015bci motyw\u00f3w). Wi\u0119kszo\u015b\u0107 u\u017cytkownik\u00f3w zaczyna od strony z informacjami o sobie, kt\u00f3ra zapozna ich przed odwiedzaj\u0105cymi witryn\u0119. Taka strona mo\u017ce zawiera\u0107 na przyk\u0142ad taki tekst:<\/p>\n<!-- \/wp:paragraph -->\n\n<!-- wp:quote -->\n<blockquote class=\"wp-block-quote\"><p>Cze\u015b\u0107! Za dnia jestem kurierem rowerowym, noc\u0105 pr\u00f3buj\u0119 swoich si\u0142 w aktorstwie, a to jest moja witryna. Mieszkam w Krakowie, mam wspania\u0142ego psa kt\u00f3ry wabi si\u0119 Reks i lubi\u0119 pi\u00f1a colad\u0119 (oraz spacery, gdy pada deszcz).<\/p><\/blockquote>\n<!-- \/wp:quote -->\n\n<!-- wp:paragraph -->\n<p>...albo co\u015b takiego:<\/p>\n<!-- \/wp:paragraph -->\n\n<!-- wp:quote -->\n<blockquote class=\"wp-block-quote\"><p>Firma XYZ Doohickey zosta\u0142a za\u0142o\u017cona w 1971 roku i od tamtej pory dostarcza spo\u0142ecze\u0144stwu dobrej jako\u015bci gad\u017cety. Znajduj\u0105ca si\u0119 w Gotham City XYZ zatrudnia ponad 2000 os\u00f3b i robi niesamowite rzeczy dla spo\u0142eczno\u015bci Gotham.<\/p><\/blockquote>\n<!-- \/wp:quote -->\n\n<!-- wp:paragraph -->\n<p>Jako nowy u\u017cytkownik WordPressa, powiniene\u015b przej\u015b\u0107 do <a href=\"https:\/\/artebuena.com\/wp-admin\/\">swojego kokpitu<\/a> aby usun\u0105\u0107 t\u0119 stron\u0119 i stworzy\u0107 nowe z w\u0142asn\u0105 tre\u015bci\u0105. Dobrej zabawy!<\/p>\n<!-- \/wp:paragraph -->","_et_gb_content_width":"","footnotes":""},"class_list":["post-2","page","type-page","status-publish","hentry"],"_links":{"self":[{"href":"https:\/\/artebuena.com\/index.php\/wp-json\/wp\/v2\/pages\/2"}],"collection":[{"href":"https:\/\/artebuena.com\/index.php\/wp-json\/wp\/v2\/pages"}],"about":[{"href":"https:\/\/artebuena.com\/index.php\/wp-json\/wp\/v2\/types\/page"}],"author":[{"embeddable":true,"href":"https:\/\/artebuena.com\/index.php\/wp-json\/wp\/v2\/users\/1"}],"replies":[{"embeddable":true,"href":"https:\/\/artebuena.com\/index.php\/wp-json\/wp\/v2\/comments?post=2"}],"version-history":[{"count":53,"href":"https:\/\/artebuena.com\/index.php\/wp-json\/wp\/v2\/pages\/2\/revisions"}],"predecessor-version":[{"id":742,"href":"https:\/\/artebuena.com\/index.php\/wp-json\/wp\/v2\/pages\/2\/revisions\/742"}],"wp:attachment":[{"href":"https:\/\/artebuena.com\/index.php\/wp-json\/wp\/v2\/media?parent=2"}],"curies":[{"name":"wp","href":"https:\/\/api.w.org\/{rel}","templated":true}]}}